{"id":99,"date":"2023-03-05T16:42:03","date_gmt":"2023-03-05T15:42:03","guid":{"rendered":"https:\/\/electricadealhaurin.com\/index.php\/services\/"},"modified":"2023-11-30T21:02:01","modified_gmt":"2023-11-30T20:02:01","slug":"tarifas-baratas-de-luz","status":"publish","type":"page","link":"https:\/\/electricadealhaurin.com\/index.php\/tarifas-baratas-de-luz\/","title":{"rendered":"Servicios"},"content":{"rendered":"\t\t<div data-elementor-type=\"wp-page\" data-elementor-id=\"99\" class=\"elementor elementor-99\" data-elementor-post-type=\"page\">\n\t\t\t\t\t\t<section class=\"elementor-section elementor-top-section elementor-element elementor-element-42a56f0d elementor-section-height-min-height elementor-section-boxed elementor-section-height-default elementor-section-items-middle\" data-id=\"42a56f0d\" data-element_type=\"section\" data-settings=\"{&quot;background_background&quot;:&quot;gradient&quot;,&quot;shape_divider_bottom&quot;:&quot;waves&quot;}\">\n\t\t\t\t\t\t\t<div class=\"elementor-background-overlay\"><\/div>\n\t\t\t\t\t\t<div class=\"elementor-shape elementor-shape-bottom\" data-negative=\"false\">\n\t\t\t<svg xmlns=\"http:\/\/www.w3.org\/2000\/svg\" viewBox=\"0 0 1000 100\" preserveAspectRatio=\"none\">\n\t<path class=\"elementor-shape-fill\" d=\"M421.9,6.5c22.6-2.5,51.5,0.4,75.5,5.3c23.6,4.9,70.9,23.5,100.5,35.7c75.8,32.2,133.7,44.5,192.6,49.7\n\tc23.6,2.1,48.7,3.5,103.4-2.5c54.7-6,106.2-25.6,106.2-25.6V0H0v30.3c0,0,72,32.6,158.4,30.5c39.2-0.7,92.8-6.7,134-22.4\n\tc21.2-8.1,52.2-18.2,79.7-24.2C399.3,7.9,411.6,7.5,421.9,6.5z\"\/>\n<\/svg>\t\t<\/div>\n\t\t\t\t\t<div class=\"elementor-container elementor-column-gap-default\">\n\t\t\t\t\t<div class=\"elementor-column elementor-col-100 elementor-top-column elementor-element elementor-element-62826905\" data-id=\"62826905\" data-element_type=\"column\">\n\t\t\t<div class=\"elementor-widget-wrap elementor-element-populated\">\n\t\t\t\t\t\t<div class=\"elementor-element elementor-element-3ec50b4b elementor-widget elementor-widget-heading\" data-id=\"3ec50b4b\" data-element_type=\"widget\" data-widget_type=\"heading.default\">\n\t\t\t\t<div class=\"elementor-widget-container\">\n\t\t\t<h1 class=\"elementor-heading-title elementor-size-default\">Servicios<\/h1>\t\t<\/div>\n\t\t\t\t<\/div>\n\t\t\t\t<div class=\"elementor-element elementor-element-5b04cad0 elementor-widget elementor-widget-heading\" data-id=\"5b04cad0\" data-element_type=\"widget\" data-widget_type=\"heading.default\">\n\t\t\t\t<div class=\"elementor-widget-container\">\n\t\t\t<h3 class=\"elementor-heading-title elementor-size-default\">Comercializamos su electricidad de forma local<\/h3>\t\t<\/div>\n\t\t\t\t<\/div>\n\t\t\t\t\t<\/div>\n\t\t<\/div>\n\t\t\t\t\t<\/div>\n\t\t<\/section>\n\t\t\t\t<section class=\"elementor-section elementor-top-section elementor-element elementor-element-1a47725d elementor-section-boxed elementor-section-height-default elementor-section-height-default\" data-id=\"1a47725d\" data-element_type=\"section\" data-settings=\"{&quot;background_background&quot;:&quot;classic&quot;}\">\n\t\t\t\t\t\t\t<div class=\"elementor-background-overlay\"><\/div>\n\t\t\t\t\t\t\t<div class=\"elementor-container elementor-column-gap-default\">\n\t\t\t\t\t<div class=\"elementor-column elementor-col-100 elementor-top-column elementor-element elementor-element-3fb612f2\" data-id=\"3fb612f2\" data-element_type=\"column\">\n\t\t\t<div class=\"elementor-widget-wrap elementor-element-populated\">\n\t\t\t\t\t\t<section class=\"elementor-section elementor-inner-section elementor-element elementor-element-304df536 elementor-section-boxed elementor-section-height-default elementor-section-height-default\" data-id=\"304df536\" data-element_type=\"section\">\n\t\t\t\t\t\t<div class=\"elementor-container elementor-column-gap-default\">\n\t\t\t\t\t<div class=\"elementor-column elementor-col-100 elementor-inner-column elementor-element elementor-element-106b3e88\" data-id=\"106b3e88\" data-element_type=\"column\">\n\t\t\t<div class=\"elementor-widget-wrap elementor-element-populated\">\n\t\t\t\t\t\t<div class=\"elementor-element elementor-element-6bf7451 elementor-widget elementor-widget-heading\" data-id=\"6bf7451\" data-element_type=\"widget\" data-widget_type=\"heading.default\">\n\t\t\t\t<div class=\"elementor-widget-container\">\n\t\t\t<h3 class=\"elementor-heading-title elementor-size-default\">Tarifas adaptadas a sus necesidades<\/h3>\t\t<\/div>\n\t\t\t\t<\/div>\n\t\t\t\t<div class=\"elementor-element elementor-element-1a8d1040 elementor-widget elementor-widget-heading\" data-id=\"1a8d1040\" data-element_type=\"widget\" data-widget_type=\"heading.default\">\n\t\t\t\t<div class=\"elementor-widget-container\">\n\t\t\t<h2 class=\"elementor-heading-title elementor-size-default\">Comercializadora el\u00e9ctrica<\/h2>\t\t<\/div>\n\t\t\t\t<\/div>\n\t\t\t\t<div class=\"elementor-element elementor-element-5b6b93f0 elementor-widget elementor-widget-text-editor\" data-id=\"5b6b93f0\" data-element_type=\"widget\" data-widget_type=\"text-editor.default\">\n\t\t\t\t<div class=\"elementor-widget-container\">\n\t\t\t\t\t\t\t<p>Empezamos comerciando la electricidad a un precio \u00fanico ante la escalada de precios en el sector.<\/p>\t\t\t\t\t\t<\/div>\n\t\t\t\t<\/div>\n\t\t\t\t\t<\/div>\n\t\t<\/div>\n\t\t\t\t\t<\/div>\n\t\t<\/section>\n\t\t\t\t<section class=\"elementor-section elementor-inner-section elementor-element elementor-element-754e7f1a elementor-section-boxed elementor-section-height-default elementor-section-height-default\" data-id=\"754e7f1a\" data-element_type=\"section\" data-settings=\"{&quot;motion_fx_motion_fx_scrolling&quot;:&quot;yes&quot;,&quot;motion_fx_translateY_effect&quot;:&quot;yes&quot;,&quot;motion_fx_translateY_speed&quot;:{&quot;unit&quot;:&quot;px&quot;,&quot;size&quot;:&quot;1&quot;,&quot;sizes&quot;:[]},&quot;motion_fx_translateY_affectedRange&quot;:{&quot;unit&quot;:&quot;%&quot;,&quot;size&quot;:&quot;&quot;,&quot;sizes&quot;:{&quot;start&quot;:&quot;0&quot;,&quot;end&quot;:&quot;50&quot;}},&quot;motion_fx_opacity_effect&quot;:&quot;yes&quot;,&quot;motion_fx_opacity_range&quot;:{&quot;unit&quot;:&quot;%&quot;,&quot;size&quot;:&quot;&quot;,&quot;sizes&quot;:{&quot;start&quot;:&quot;0&quot;,&quot;end&quot;:&quot;50&quot;}},&quot;motion_fx_devices&quot;:[&quot;desktop&quot;,&quot;tablet&quot;],&quot;motion_fx_opacity_direction&quot;:&quot;out-in&quot;,&quot;motion_fx_opacity_level&quot;:{&quot;unit&quot;:&quot;px&quot;,&quot;size&quot;:10,&quot;sizes&quot;:[]}}\">\n\t\t\t\t\t\t<div class=\"elementor-container elementor-column-gap-default\">\n\t\t\t\t\t<div class=\"elementor-column elementor-col-33 elementor-inner-column elementor-element elementor-element-2f081e68\" data-id=\"2f081e68\" data-element_type=\"column\" data-settings=\"{&quot;background_background&quot;:&quot;classic&quot;}\">\n\t\t\t<div class=\"elementor-widget-wrap elementor-element-populated\">\n\t\t\t\t\t\t<div class=\"elementor-element elementor-element-75c0ac7d elementor-view-default elementor-position-top elementor-mobile-position-top elementor-widget elementor-widget-icon-box\" data-id=\"75c0ac7d\" data-element_type=\"widget\" data-widget_type=\"icon-box.default\">\n\t\t\t\t<div class=\"elementor-widget-container\">\n\t\t\t\t\t<div class=\"elementor-icon-box-wrapper\">\n\n\t\t\t\t\t\t<div class=\"elementor-icon-box-icon\">\n\t\t\t\t<span  class=\"elementor-icon elementor-animation-\">\n\t\t\t\t<i aria-hidden=\"true\" class=\"fas fa-bolt\"><\/i>\t\t\t\t<\/span>\n\t\t\t<\/div>\n\t\t\t\n\t\t\t\t\t\t<div class=\"elementor-icon-box-content\">\n\n\t\t\t\t\t\t\t\t\t<h3 class=\"elementor-icon-box-title\">\n\t\t\t\t\t\t<span  >\n\t\t\t\t\t\t\tPrecios imbatibles\t\t\t\t\t\t<\/span>\n\t\t\t\t\t<\/h3>\n\t\t\t\t\n\t\t\t\t\t\t\t\t\t<p class=\"elementor-icon-box-description\">\n\t\t\t\t\t\tTenemos una estructura m\u00ednima que nos permite ajustar los precios al m\u00e1ximo.\t\t\t\t\t<\/p>\n\t\t\t\t\n\t\t\t<\/div>\n\t\t\t\n\t\t<\/div>\n\t\t\t\t<\/div>\n\t\t\t\t<\/div>\n\t\t\t\t\t<\/div>\n\t\t<\/div>\n\t\t\t\t<div class=\"elementor-column elementor-col-33 elementor-inner-column elementor-element elementor-element-539c7cc5\" data-id=\"539c7cc5\" data-element_type=\"column\" data-settings=\"{&quot;background_background&quot;:&quot;classic&quot;}\">\n\t\t\t<div class=\"elementor-widget-wrap elementor-element-populated\">\n\t\t\t\t\t\t<div class=\"elementor-element elementor-element-44018387 elementor-view-default elementor-position-top elementor-mobile-position-top elementor-widget elementor-widget-icon-box\" data-id=\"44018387\" data-element_type=\"widget\" data-widget_type=\"icon-box.default\">\n\t\t\t\t<div class=\"elementor-widget-container\">\n\t\t\t\t\t<div class=\"elementor-icon-box-wrapper\">\n\n\t\t\t\t\t\t<div class=\"elementor-icon-box-icon\">\n\t\t\t\t<span  class=\"elementor-icon elementor-animation-\">\n\t\t\t\t<svg xmlns=\"http:\/\/www.w3.org\/2000\/svg\" id=\"a7bfeb3e-4872-466f-a972-e7973739345d\" data-name=\"Layer 1\" width=\"75.2886\" height=\"66\" viewBox=\"0 0 75.2886 66\"><path id=\"ec6179ab-6f29-477f-8431-51c1dbab4256\" data-name=\"Fill-1-Copy-7\" d=\"M53.3653,19.386c-9.8693,32.2855,6.1235,31.8329-7.1389,41.2306A29.1943,29.1943,0,0,1,5.3387,53.4179a29.7533,29.7533,0,0,1,7.1385-41.23C25.74,2.79,63.2345-12.8994,53.3653,19.386\" style=\"fill-rule:evenodd;opacity:0.05\"><\/path><path d=\"M70.05,10.71H30.2389A5.1993,5.1993,0,0,0,25,15.856V50.8538A5.1993,5.1993,0,0,0,30.2389,56H70.05a5.1993,5.1993,0,0,0,5.2388-5.1462V15.856A5.1993,5.1993,0,0,0,70.05,10.71ZM30.2389,12.7682H70.05a3.12,3.12,0,0,1,3.1436,3.0878v3.0329H27.0953V15.856A3.12,3.12,0,0,1,30.2389,12.7682ZM70.05,53.9415H30.2389a3.12,3.12,0,0,1-3.1436-3.0877V21.3949H73.1934V50.8538A3.12,3.12,0,0,1,70.05,53.9415Z\" style=\"fill-rule:evenodd\"><\/path><circle cx=\"31\" cy=\"16\" r=\"1\"><\/circle><path d=\"M34,17a1,1,0,1,0-1-1A1,1,0,0,0,34,17Z\" style=\"fill-rule:evenodd\"><\/path><circle cx=\"37\" cy=\"16\" r=\"1\"><\/circle><path d=\"M54.705,41.2905a8.451,8.451,0,1,0-1.5282,1.3l5.1157,5.1167a1,1,0,1,0,1.4148-1.4142Zm-12.58-5.79A6.3756,6.3756,0,1,1,53.01,40.0019a.9956.9956,0,0,0-.7171.2908.9727.9727,0,0,0-.2542.5067A6.3715,6.3715,0,0,1,42.1249,35.5Z\" style=\"fill-rule:evenodd\"><\/path><\/svg>\t\t\t\t<\/span>\n\t\t\t<\/div>\n\t\t\t\n\t\t\t\t\t\t<div class=\"elementor-icon-box-content\">\n\n\t\t\t\t\t\t\t\t\t<h3 class=\"elementor-icon-box-title\">\n\t\t\t\t\t\t<span  >\n\t\t\t\t\t\t\tComparativa\t\t\t\t\t\t<\/span>\n\t\t\t\t\t<\/h3>\n\t\t\t\t\n\t\t\t\t\t\t\t\t\t<p class=\"elementor-icon-box-description\">\n\t\t\t\t\t\tSolicite sin compromiso su comparativa envi\u00e1ndonos su factura de luz actual.\t\t\t\t\t<\/p>\n\t\t\t\t\n\t\t\t<\/div>\n\t\t\t\n\t\t<\/div>\n\t\t\t\t<\/div>\n\t\t\t\t<\/div>\n\t\t\t\t\t<\/div>\n\t\t<\/div>\n\t\t\t\t<div class=\"elementor-column elementor-col-33 elementor-inner-column elementor-element elementor-element-149f3e27\" data-id=\"149f3e27\" data-element_type=\"column\" data-settings=\"{&quot;background_background&quot;:&quot;classic&quot;}\">\n\t\t\t<div class=\"elementor-widget-wrap elementor-element-populated\">\n\t\t\t\t\t\t<div class=\"elementor-element elementor-element-746a2765 elementor-view-default elementor-position-top elementor-mobile-position-top elementor-widget elementor-widget-icon-box\" data-id=\"746a2765\" data-element_type=\"widget\" data-widget_type=\"icon-box.default\">\n\t\t\t\t<div class=\"elementor-widget-container\">\n\t\t\t\t\t<div class=\"elementor-icon-box-wrapper\">\n\n\t\t\t\t\t\t<div class=\"elementor-icon-box-icon\">\n\t\t\t\t<span  class=\"elementor-icon elementor-animation-\">\n\t\t\t\t<svg xmlns=\"http:\/\/www.w3.org\/2000\/svg\" id=\"f50a2be6-ea49-4102-b303-5ac9b9f57464\" data-name=\"Layer 1\" width=\"74.6451\" height=\"66\" viewBox=\"0 0 74.6451 66\"><path id=\"b42c4aff-770f-41ef-8270-4aea8953a28f\" data-name=\"Fill-1-Copy-12\" d=\"M53.3653,19.386c-9.8693,32.2855,6.1235,31.8329-7.1389,41.2306A29.1943,29.1943,0,0,1,5.3387,53.4179a29.7533,29.7533,0,0,1,7.1385-41.23C25.74,2.79,63.2345-12.8994,53.3653,19.386\" style=\"fill-rule:evenodd;opacity:0.05\"><\/path><path d=\"M69.7716,11.4357a15.95,15.95,0,0,0-11.7133-4.693,16.3333,16.3333,0,0,0-10.36,28.7287,1.0567,1.0567,0,0,1,.369.6043c.5472,2.96,1.83,9.8922,5.9018,9.8922h8.7068c4.0738,0,5.4016-7.19,5.9035-9.8965a1.0226,1.0226,0,0,1,.3639-.5931,16.3386,16.3386,0,0,0,.8285-24.0426ZM67.5241,33.8245a3.1987,3.1987,0,0,0-1.0855,1.8495c-1.3044,7.0609-2.9179,8.1148-3.7629,8.1148H53.9689c-.8441,0-2.4568-1.0539-3.7628-8.1148a3.2243,3.2243,0,0,0-1.089-1.8539A14.21,14.21,0,0,1,58.0922,8.9218c.0781-.0017.1554-.0017.2336-.0017a14.1554,14.1554,0,0,1,9.1983,24.9044Z\" style=\"fill-rule:evenodd\"><\/path><path d=\"M63.9589,23.5961a.85.85,0,0,0-1.0713-.5548,10.9049,10.9049,0,0,0-1.5851.6945l-.0464.0251a3.186,3.186,0,0,1-1.3443.4616.8592.8592,0,0,0-.1017-.9058.8491.8491,0,0,0-1.198-.1255l-.1136.0933-.111-.091a.8492.8492,0,0,0-1.1977.1253.8578.8578,0,0,0-.1023.9028,3.1489,3.1489,0,0,1-1.3449-.4624l-.0462-.0251a11.0241,11.0241,0,0,0-1.5843-.6934.8459.8459,0,0,0-.9574,1.287.7728.7728,0,0,0-.0545.8376,23.0327,23.0327,0,0,1,2.743,6.9624,40.9852,40.9852,0,0,1,.5646,8.088.7962.7962,0,0,0,1.5922,0,42.4528,42.4528,0,0,0-.59-8.3948,23.3987,23.3987,0,0,0-2.4354-6.5334c1.24.6258,2.2805,1.1154,3.5247.19,1.2454.9269,2.2875.4342,3.5277-.1921A23.3937,23.3937,0,0,0,59.59,31.8215,42.4461,42.4461,0,0,0,59,40.2157a.7963.7963,0,0,0,1.5925,0,40.9845,40.9845,0,0,1,.5633-8.0875A23.0406,23.0406,0,0,1,63.9,25.1663a.7722.7722,0,0,0-.0547-.8388A.8456.8456,0,0,0,63.9589,23.5961Z\" style=\"fill-rule:evenodd\"><\/path><path d=\"M62,48H54a1,1,0,0,0,0,2h8a1,1,0,0,0,0-2Z\" style=\"fill-rule:evenodd\"><\/path><path d=\"M62,52H54a1,1,0,0,0,0,2h8a1,1,0,0,0,0-2Z\" style=\"fill-rule:evenodd\"><\/path><path d=\"M60.3335,56H55.6674a1.012,1.012,0,1,0,0,2h4.6661a1.0119,1.0119,0,1,0,0-2Z\" style=\"fill-rule:evenodd\"><\/path><\/svg>\t\t\t\t<\/span>\n\t\t\t<\/div>\n\t\t\t\n\t\t\t\t\t\t<div class=\"elementor-icon-box-content\">\n\n\t\t\t\t\t\t\t\t\t<h3 class=\"elementor-icon-box-title\">\n\t\t\t\t\t\t<span  >\n\t\t\t\t\t\t\tTarifas adaptadas\t\t\t\t\t\t<\/span>\n\t\t\t\t\t<\/h3>\n\t\t\t\t\n\t\t\t\t\t\t\t\t\t<p class=\"elementor-icon-box-description\">\n\t\t\t\t\t\tYa sea fija o indexada nos adaptamos a sus necesidades.\t\t\t\t\t<\/p>\n\t\t\t\t\n\t\t\t<\/div>\n\t\t\t\n\t\t<\/div>\n\t\t\t\t<\/div>\n\t\t\t\t<\/div>\n\t\t\t\t\t<\/div>\n\t\t<\/div>\n\t\t\t\t\t<\/div>\n\t\t<\/section>\n\t\t\t\t\t<\/div>\n\t\t<\/div>\n\t\t\t\t\t<\/div>\n\t\t<\/section>\n\t\t\t\t<\/div>\n\t\t","protected":false},"excerpt":{"rendered":"<p>Servicios Comercializamos su electricidad de forma local Tarifas adaptadas a sus necesidades Comercializadora el\u00e9ctrica Empezamos comerciando la electricidad a un precio \u00fanico ante la escalada de precios en el sector. Precios imbatibles Tenemos una estructura m\u00ednima que nos permite ajustar los precios al m\u00e1ximo. Comparativa Solicite sin compromiso su comparativa envi\u00e1ndonos su factura de luz [&hellip;]<\/p>\n","protected":false},"author":1,"featured_media":0,"parent":0,"menu_order":0,"comment_status":"closed","ping_status":"closed","template":"elementor_header_footer","meta":{"footnotes":""},"class_list":["post-99","page","type-page","status-publish","hentry"],"yoast_head":"<!-- This site is optimized with the Yoast SEO plugin v23.9 - https:\/\/yoast.com\/wordpress\/plugins\/seo\/ -->\n<title>Servicios - El\u00e9ctrica de Alhaur\u00edn<\/title>\n<meta name=\"robots\" content=\"index, follow, max-snippet:-1, max-image-preview:large, max-video-preview:-1\" \/>\n<link rel=\"canonical\" href=\"https:\/\/electricadealhaurin.com\/index.php\/tarifas-baratas-de-luz\/\" \/>\n<meta property=\"og:locale\" content=\"es_ES\" \/>\n<meta property=\"og:type\" content=\"article\" \/>\n<meta property=\"og:title\" content=\"Servicios - El\u00e9ctrica de Alhaur\u00edn\" \/>\n<meta property=\"og:description\" content=\"Servicios Comercializamos su electricidad de forma local Tarifas adaptadas a sus necesidades Comercializadora el\u00e9ctrica Empezamos comerciando la electricidad a un precio \u00fanico ante la escalada de precios en el sector. Precios imbatibles Tenemos una estructura m\u00ednima que nos permite ajustar los precios al m\u00e1ximo. Comparativa Solicite sin compromiso su comparativa envi\u00e1ndonos su factura de luz [&hellip;]\" \/>\n<meta property=\"og:url\" content=\"https:\/\/electricadealhaurin.com\/index.php\/tarifas-baratas-de-luz\/\" \/>\n<meta property=\"og:site_name\" content=\"El\u00e9ctrica de Alhaur\u00edn\" \/>\n<meta property=\"article:modified_time\" content=\"2023-11-30T20:02:01+00:00\" \/>\n<meta name=\"twitter:card\" content=\"summary_large_image\" \/>\n<meta name=\"twitter:label1\" content=\"Tiempo de lectura\" \/>\n\t<meta name=\"twitter:data1\" content=\"1 minuto\" \/>\n<script type=\"application\/ld+json\" class=\"yoast-schema-graph\">{\"@context\":\"https:\/\/schema.org\",\"@graph\":[{\"@type\":\"WebPage\",\"@id\":\"https:\/\/electricadealhaurin.com\/index.php\/tarifas-baratas-de-luz\/\",\"url\":\"https:\/\/electricadealhaurin.com\/index.php\/tarifas-baratas-de-luz\/\",\"name\":\"Servicios - El\u00e9ctrica de Alhaur\u00edn\",\"isPartOf\":{\"@id\":\"https:\/\/electricadealhaurin.com\/#website\"},\"datePublished\":\"2023-03-05T15:42:03+00:00\",\"dateModified\":\"2023-11-30T20:02:01+00:00\",\"breadcrumb\":{\"@id\":\"https:\/\/electricadealhaurin.com\/index.php\/tarifas-baratas-de-luz\/#breadcrumb\"},\"inLanguage\":\"es\",\"potentialAction\":[{\"@type\":\"ReadAction\",\"target\":[\"https:\/\/electricadealhaurin.com\/index.php\/tarifas-baratas-de-luz\/\"]}]},{\"@type\":\"BreadcrumbList\",\"@id\":\"https:\/\/electricadealhaurin.com\/index.php\/tarifas-baratas-de-luz\/#breadcrumb\",\"itemListElement\":[{\"@type\":\"ListItem\",\"position\":1,\"name\":\"Portada\",\"item\":\"https:\/\/electricadealhaurin.com\/\"},{\"@type\":\"ListItem\",\"position\":2,\"name\":\"Servicios\"}]},{\"@type\":\"WebSite\",\"@id\":\"https:\/\/electricadealhaurin.com\/#website\",\"url\":\"https:\/\/electricadealhaurin.com\/\",\"name\":\"El\u00e9ctrica de Alhaur\u00edn\",\"description\":\"Comercializadora el\u00e9ctrica barata\",\"publisher\":{\"@id\":\"https:\/\/electricadealhaurin.com\/#organization\"},\"potentialAction\":[{\"@type\":\"SearchAction\",\"target\":{\"@type\":\"EntryPoint\",\"urlTemplate\":\"https:\/\/electricadealhaurin.com\/?s={search_term_string}\"},\"query-input\":{\"@type\":\"PropertyValueSpecification\",\"valueRequired\":true,\"valueName\":\"search_term_string\"}}],\"inLanguage\":\"es\"},{\"@type\":\"Organization\",\"@id\":\"https:\/\/electricadealhaurin.com\/#organization\",\"name\":\"El\u00e9ctrica de Alhaur\u00edn\",\"url\":\"https:\/\/electricadealhaurin.com\/\",\"logo\":{\"@type\":\"ImageObject\",\"inLanguage\":\"es\",\"@id\":\"https:\/\/electricadealhaurin.com\/#\/schema\/logo\/image\/\",\"url\":\"https:\/\/electricadealhaurin.com\/wp-content\/uploads\/2023\/03\/cropped-ELECTRICA-DE-ALHAURIN-scaled-1.jpg\",\"contentUrl\":\"https:\/\/electricadealhaurin.com\/wp-content\/uploads\/2023\/03\/cropped-ELECTRICA-DE-ALHAURIN-scaled-1.jpg\",\"width\":2056,\"height\":1567,\"caption\":\"El\u00e9ctrica de Alhaur\u00edn\"},\"image\":{\"@id\":\"https:\/\/electricadealhaurin.com\/#\/schema\/logo\/image\/\"}}]}<\/script>\n<!-- \/ Yoast SEO plugin. -->","yoast_head_json":{"title":"Servicios - El\u00e9ctrica de Alhaur\u00edn","robots":{"index":"index","follow":"follow","max-snippet":"max-snippet:-1","max-image-preview":"max-image-preview:large","max-video-preview":"max-video-preview:-1"},"canonical":"https:\/\/electricadealhaurin.com\/index.php\/tarifas-baratas-de-luz\/","og_locale":"es_ES","og_type":"article","og_title":"Servicios - El\u00e9ctrica de Alhaur\u00edn","og_description":"Servicios Comercializamos su electricidad de forma local Tarifas adaptadas a sus necesidades Comercializadora el\u00e9ctrica Empezamos comerciando la electricidad a un precio \u00fanico ante la escalada de precios en el sector. Precios imbatibles Tenemos una estructura m\u00ednima que nos permite ajustar los precios al m\u00e1ximo. Comparativa Solicite sin compromiso su comparativa envi\u00e1ndonos su factura de luz [&hellip;]","og_url":"https:\/\/electricadealhaurin.com\/index.php\/tarifas-baratas-de-luz\/","og_site_name":"El\u00e9ctrica de Alhaur\u00edn","article_modified_time":"2023-11-30T20:02:01+00:00","twitter_card":"summary_large_image","twitter_misc":{"Tiempo de lectura":"1 minuto"},"schema":{"@context":"https:\/\/schema.org","@graph":[{"@type":"WebPage","@id":"https:\/\/electricadealhaurin.com\/index.php\/tarifas-baratas-de-luz\/","url":"https:\/\/electricadealhaurin.com\/index.php\/tarifas-baratas-de-luz\/","name":"Servicios - El\u00e9ctrica de Alhaur\u00edn","isPartOf":{"@id":"https:\/\/electricadealhaurin.com\/#website"},"datePublished":"2023-03-05T15:42:03+00:00","dateModified":"2023-11-30T20:02:01+00:00","breadcrumb":{"@id":"https:\/\/electricadealhaurin.com\/index.php\/tarifas-baratas-de-luz\/#breadcrumb"},"inLanguage":"es","potentialAction":[{"@type":"ReadAction","target":["https:\/\/electricadealhaurin.com\/index.php\/tarifas-baratas-de-luz\/"]}]},{"@type":"BreadcrumbList","@id":"https:\/\/electricadealhaurin.com\/index.php\/tarifas-baratas-de-luz\/#breadcrumb","itemListElement":[{"@type":"ListItem","position":1,"name":"Portada","item":"https:\/\/electricadealhaurin.com\/"},{"@type":"ListItem","position":2,"name":"Servicios"}]},{"@type":"WebSite","@id":"https:\/\/electricadealhaurin.com\/#website","url":"https:\/\/electricadealhaurin.com\/","name":"El\u00e9ctrica de Alhaur\u00edn","description":"Comercializadora el\u00e9ctrica barata","publisher":{"@id":"https:\/\/electricadealhaurin.com\/#organization"},"potentialAction":[{"@type":"SearchAction","target":{"@type":"EntryPoint","urlTemplate":"https:\/\/electricadealhaurin.com\/?s={search_term_string}"},"query-input":{"@type":"PropertyValueSpecification","valueRequired":true,"valueName":"search_term_string"}}],"inLanguage":"es"},{"@type":"Organization","@id":"https:\/\/electricadealhaurin.com\/#organization","name":"El\u00e9ctrica de Alhaur\u00edn","url":"https:\/\/electricadealhaurin.com\/","logo":{"@type":"ImageObject","inLanguage":"es","@id":"https:\/\/electricadealhaurin.com\/#\/schema\/logo\/image\/","url":"https:\/\/electricadealhaurin.com\/wp-content\/uploads\/2023\/03\/cropped-ELECTRICA-DE-ALHAURIN-scaled-1.jpg","contentUrl":"https:\/\/electricadealhaurin.com\/wp-content\/uploads\/2023\/03\/cropped-ELECTRICA-DE-ALHAURIN-scaled-1.jpg","width":2056,"height":1567,"caption":"El\u00e9ctrica de Alhaur\u00edn"},"image":{"@id":"https:\/\/electricadealhaurin.com\/#\/schema\/logo\/image\/"}}]}},"_links":{"self":[{"href":"https:\/\/electricadealhaurin.com\/index.php\/wp-json\/wp\/v2\/pages\/99","targetHints":{"allow":["GET"]}}],"collection":[{"href":"https:\/\/electricadealhaurin.com\/index.php\/wp-json\/wp\/v2\/pages"}],"about":[{"href":"https:\/\/electricadealhaurin.com\/index.php\/wp-json\/wp\/v2\/types\/page"}],"author":[{"embeddable":true,"href":"https:\/\/electricadealhaurin.com\/index.php\/wp-json\/wp\/v2\/users\/1"}],"replies":[{"embeddable":true,"href":"https:\/\/electricadealhaurin.com\/index.php\/wp-json\/wp\/v2\/comments?post=99"}],"version-history":[{"count":28,"href":"https:\/\/electricadealhaurin.com\/index.php\/wp-json\/wp\/v2\/pages\/99\/revisions"}],"predecessor-version":[{"id":311,"href":"https:\/\/electricadealhaurin.com\/index.php\/wp-json\/wp\/v2\/pages\/99\/revisions\/311"}],"wp:attachment":[{"href":"https:\/\/electricadealhaurin.com\/index.php\/wp-json\/wp\/v2\/media?parent=99"}],"curies":[{"name":"wp","href":"https:\/\/api.w.org\/{rel}","templated":true}]}}