{"id":137,"date":"2023-03-05T16:42:14","date_gmt":"2023-03-05T15:42:14","guid":{"rendered":"https:\/\/electricadealhaurin.com\/index.php\/home\/"},"modified":"2023-11-30T20:54:14","modified_gmt":"2023-11-30T19:54:14","slug":"comercializadora-electrica-barata","status":"publish","type":"page","link":"https:\/\/electricadealhaurin.com\/","title":{"rendered":"Comercializadora el\u00e9ctrica barata"},"content":{"rendered":"\t\t<div data-elementor-type=\"wp-page\" data-elementor-id=\"137\" class=\"elementor elementor-137\" data-elementor-post-type=\"page\">\n\t\t\t\t\t\t<section class=\"elementor-section elementor-top-section elementor-element elementor-element-3bee82b4 elementor-section-height-min-height elementor-section-boxed elementor-section-height-default elementor-section-items-middle\" data-id=\"3bee82b4\" data-element_type=\"section\" data-settings=\"{&quot;background_background&quot;:&quot;gradient&quot;,&quot;shape_divider_bottom&quot;:&quot;waves&quot;}\">\n\t\t\t\t\t\t\t<div class=\"elementor-background-overlay\"><\/div>\n\t\t\t\t\t\t<div class=\"elementor-shape elementor-shape-bottom\" data-negative=\"false\">\n\t\t\t<svg xmlns=\"http:\/\/www.w3.org\/2000\/svg\" viewBox=\"0 0 1000 100\" preserveAspectRatio=\"none\">\n\t<path class=\"elementor-shape-fill\" d=\"M421.9,6.5c22.6-2.5,51.5,0.4,75.5,5.3c23.6,4.9,70.9,23.5,100.5,35.7c75.8,32.2,133.7,44.5,192.6,49.7\n\tc23.6,2.1,48.7,3.5,103.4-2.5c54.7-6,106.2-25.6,106.2-25.6V0H0v30.3c0,0,72,32.6,158.4,30.5c39.2-0.7,92.8-6.7,134-22.4\n\tc21.2-8.1,52.2-18.2,79.7-24.2C399.3,7.9,411.6,7.5,421.9,6.5z\"\/>\n<\/svg>\t\t<\/div>\n\t\t\t\t\t<div class=\"elementor-container elementor-column-gap-default\">\n\t\t\t\t\t<div class=\"elementor-column elementor-col-50 elementor-top-column elementor-element elementor-element-45fae0c\" data-id=\"45fae0c\" data-element_type=\"column\">\n\t\t\t<div class=\"elementor-widget-wrap elementor-element-populated\">\n\t\t\t\t\t\t<div class=\"elementor-element elementor-element-6e4d48f4 elementor-widget elementor-widget-heading\" data-id=\"6e4d48f4\" data-element_type=\"widget\" data-widget_type=\"heading.default\">\n\t\t\t\t<div class=\"elementor-widget-container\">\n\t\t\t<h3 class=\"elementor-heading-title elementor-size-default\">El\u00e9ctrica de Alhaur\u00edn<\/h3>\t\t<\/div>\n\t\t\t\t<\/div>\n\t\t\t\t<div class=\"elementor-element elementor-element-3692673 elementor-widget elementor-widget-heading\" data-id=\"3692673\" data-element_type=\"widget\" data-widget_type=\"heading.default\">\n\t\t\t\t<div class=\"elementor-widget-container\">\n\t\t\t<h1 class=\"elementor-heading-title elementor-size-default\">La Comercializadora El\u00e9ctrica de Alhaur\u00edn<\/h1>\t\t<\/div>\n\t\t\t\t<\/div>\n\t\t\t\t<div class=\"elementor-element elementor-element-3e7bb105 elementor-widget elementor-widget-text-editor\" data-id=\"3e7bb105\" data-element_type=\"widget\" data-widget_type=\"text-editor.default\">\n\t\t\t\t<div class=\"elementor-widget-container\">\n\t\t\t\t\t\t\t<p>Estructura m\u00ednima, mejores precios.<\/p>\t\t\t\t\t\t<\/div>\n\t\t\t\t<\/div>\n\t\t\t\t\t<\/div>\n\t\t<\/div>\n\t\t\t\t<div class=\"elementor-column elementor-col-50 elementor-top-column elementor-element elementor-element-16591d66\" data-id=\"16591d66\" data-element_type=\"column\">\n\t\t\t<div class=\"elementor-widget-wrap elementor-element-populated\">\n\t\t\t\t\t\t<div class=\"elementor-element elementor-element-1100ccd5 elementor-widget elementor-widget-image\" data-id=\"1100ccd5\" data-element_type=\"widget\" data-settings=\"{&quot;motion_fx_motion_fx_scrolling&quot;:&quot;yes&quot;,&quot;motion_fx_translateY_effect&quot;:&quot;yes&quot;,&quot;motion_fx_translateY_speed&quot;:{&quot;unit&quot;:&quot;px&quot;,&quot;size&quot;:&quot;1&quot;,&quot;sizes&quot;:[]},&quot;_animation&quot;:&quot;none&quot;,&quot;motion_fx_translateY_affectedRange&quot;:{&quot;unit&quot;:&quot;%&quot;,&quot;size&quot;:&quot;&quot;,&quot;sizes&quot;:{&quot;start&quot;:0,&quot;end&quot;:100}},&quot;motion_fx_devices&quot;:[&quot;desktop&quot;,&quot;tablet&quot;,&quot;mobile&quot;]}\" data-widget_type=\"image.default\">\n\t\t\t\t<div class=\"elementor-widget-container\">\n\t\t\t\t\t\t\t\t\t\t\t\t\t<img fetchpriority=\"high\" decoding=\"async\" width=\"500\" height=\"375\" src=\"https:\/\/electricadealhaurin.com\/wp-content\/uploads\/2023\/03\/Alhaurin-de-la-Torre.jpg\" class=\"attachment-full size-full wp-image-191\" alt=\"\" srcset=\"https:\/\/electricadealhaurin.com\/wp-content\/uploads\/2023\/03\/Alhaurin-de-la-Torre.jpg 500w, https:\/\/electricadealhaurin.com\/wp-content\/uploads\/2023\/03\/Alhaurin-de-la-Torre-300x225.jpg 300w\" sizes=\"(max-width: 500px) 100vw, 500px\" \/>\t\t\t\t\t\t\t\t\t\t\t\t\t<\/div>\n\t\t\t\t<\/div>\n\t\t\t\t\t<\/div>\n\t\t<\/div>\n\t\t\t\t\t<\/div>\n\t\t<\/section>\n\t\t\t\t<section class=\"elementor-section elementor-top-section elementor-element elementor-element-29dd4717 elementor-section-boxed elementor-section-height-default elementor-section-height-default\" data-id=\"29dd4717\" data-element_type=\"section\">\n\t\t\t\t\t\t<div class=\"elementor-container elementor-column-gap-default\">\n\t\t\t\t\t<div class=\"elementor-column elementor-col-100 elementor-top-column elementor-element elementor-element-28e1f8bf\" data-id=\"28e1f8bf\" data-element_type=\"column\">\n\t\t\t<div class=\"elementor-widget-wrap elementor-element-populated\">\n\t\t\t\t\t\t<div class=\"elementor-element elementor-element-4766d81a elementor-widget elementor-widget-menu-anchor\" data-id=\"4766d81a\" data-element_type=\"widget\" data-widget_type=\"menu-anchor.default\">\n\t\t\t\t<div class=\"elementor-widget-container\">\n\t\t\t\t\t<div class=\"elementor-menu-anchor\" id=\"about\"><\/div>\n\t\t\t\t<\/div>\n\t\t\t\t<\/div>\n\t\t\t\t\t<\/div>\n\t\t<\/div>\n\t\t\t\t\t<\/div>\n\t\t<\/section>\n\t\t\t\t<section class=\"elementor-section elementor-top-section elementor-element elementor-element-16db3ab0 elementor-section-height-min-height elementor-reverse-mobile elementor-reverse-tablet elementor-section-boxed elementor-section-height-default elementor-section-items-middle\" data-id=\"16db3ab0\" data-element_type=\"section\" data-settings=\"{&quot;background_background&quot;:&quot;classic&quot;}\">\n\t\t\t\t\t\t\t<div class=\"elementor-background-overlay\"><\/div>\n\t\t\t\t\t\t\t<div class=\"elementor-container elementor-column-gap-default\">\n\t\t\t\t\t<div class=\"elementor-column elementor-col-50 elementor-top-column elementor-element elementor-element-6ca6e162\" data-id=\"6ca6e162\" data-element_type=\"column\">\n\t\t\t<div class=\"elementor-widget-wrap elementor-element-populated\">\n\t\t\t\t\t\t<div class=\"elementor-element elementor-element-279bf01c elementor-widget elementor-widget-image\" data-id=\"279bf01c\" data-element_type=\"widget\" data-settings=\"{&quot;motion_fx_translateY_effect&quot;:&quot;yes&quot;,&quot;motion_fx_translateY_direction&quot;:&quot;negative&quot;,&quot;motion_fx_translateY_speed&quot;:{&quot;unit&quot;:&quot;px&quot;,&quot;size&quot;:&quot;1&quot;,&quot;sizes&quot;:[]},&quot;motion_fx_motion_fx_scrolling&quot;:&quot;yes&quot;,&quot;motion_fx_translateY_affectedRange&quot;:{&quot;unit&quot;:&quot;%&quot;,&quot;size&quot;:&quot;&quot;,&quot;sizes&quot;:{&quot;start&quot;:0,&quot;end&quot;:100}},&quot;motion_fx_devices&quot;:[&quot;desktop&quot;,&quot;tablet&quot;,&quot;mobile&quot;]}\" data-widget_type=\"image.default\">\n\t\t\t\t<div class=\"elementor-widget-container\">\n\t\t\t\t\t\t\t\t\t\t\t\t\t<img decoding=\"async\" width=\"660\" height=\"440\" src=\"https:\/\/electricadealhaurin.com\/wp-content\/uploads\/2023\/03\/16705222386035.webp\" class=\"attachment-full size-full wp-image-197\" alt=\"\" srcset=\"https:\/\/electricadealhaurin.com\/wp-content\/uploads\/2023\/03\/16705222386035.webp 660w, https:\/\/electricadealhaurin.com\/wp-content\/uploads\/2023\/03\/16705222386035-300x200.webp 300w\" sizes=\"(max-width: 660px) 100vw, 660px\" \/>\t\t\t\t\t\t\t\t\t\t\t\t\t<\/div>\n\t\t\t\t<\/div>\n\t\t\t\t\t<\/div>\n\t\t<\/div>\n\t\t\t\t<div class=\"elementor-column elementor-col-50 elementor-top-column elementor-element elementor-element-888ebf\" data-id=\"888ebf\" data-element_type=\"column\">\n\t\t\t<div class=\"elementor-widget-wrap elementor-element-populated\">\n\t\t\t\t\t\t<div class=\"elementor-element elementor-element-6ffb30dc elementor-widget elementor-widget-heading\" data-id=\"6ffb30dc\" data-element_type=\"widget\" data-widget_type=\"heading.default\">\n\t\t\t\t<div class=\"elementor-widget-container\">\n\t\t\t<h3 class=\"elementor-heading-title elementor-size-default\">Solicite su comparativa sin compromiso<\/h3>\t\t<\/div>\n\t\t\t\t<\/div>\n\t\t\t\t<div class=\"elementor-element elementor-element-3f2fd4aa elementor-widget elementor-widget-heading\" data-id=\"3f2fd4aa\" data-element_type=\"widget\" data-settings=\"{&quot;motion_fx_motion_fx_scrolling&quot;:&quot;yes&quot;,&quot;motion_fx_translateY_effect&quot;:&quot;yes&quot;,&quot;motion_fx_translateY_speed&quot;:{&quot;unit&quot;:&quot;px&quot;,&quot;size&quot;:&quot;0.5&quot;,&quot;sizes&quot;:[]},&quot;motion_fx_translateY_affectedRange&quot;:{&quot;unit&quot;:&quot;%&quot;,&quot;size&quot;:&quot;&quot;,&quot;sizes&quot;:{&quot;start&quot;:&quot;0&quot;,&quot;end&quot;:&quot;50&quot;}},&quot;motion_fx_opacity_effect&quot;:&quot;yes&quot;,&quot;motion_fx_opacity_range&quot;:{&quot;unit&quot;:&quot;%&quot;,&quot;size&quot;:&quot;&quot;,&quot;sizes&quot;:{&quot;start&quot;:&quot;0&quot;,&quot;end&quot;:&quot;50&quot;}},&quot;motion_fx_devices&quot;:[&quot;desktop&quot;,&quot;mobile&quot;],&quot;motion_fx_opacity_direction&quot;:&quot;out-in&quot;,&quot;motion_fx_opacity_level&quot;:{&quot;unit&quot;:&quot;px&quot;,&quot;size&quot;:10,&quot;sizes&quot;:[]}}\" data-widget_type=\"heading.default\">\n\t\t\t\t<div class=\"elementor-widget-container\">\n\t\t\t<h2 class=\"elementor-heading-title elementor-size-default\">Tarifas muy ajustadas<\/h2>\t\t<\/div>\n\t\t\t\t<\/div>\n\t\t\t\t<div class=\"elementor-element elementor-element-2d037850 elementor-widget elementor-widget-text-editor\" data-id=\"2d037850\" data-element_type=\"widget\" data-widget_type=\"text-editor.default\">\n\t\t\t\t<div class=\"elementor-widget-container\">\n\t\t\t\t\t\t\t<p>Compare su factura con nuestras tarifas \u00fanicas (la mejoramos en el 99% de los casos debido a nuestra m\u00ednima estructura).<\/p>\t\t\t\t\t\t<\/div>\n\t\t\t\t<\/div>\n\t\t\t\t<div class=\"elementor-element elementor-element-76344bbd elementor-mobile-align-center elementor-widget elementor-widget-button\" data-id=\"76344bbd\" data-element_type=\"widget\" data-widget_type=\"button.default\">\n\t\t\t\t<div class=\"elementor-widget-container\">\n\t\t\t\t\t\t\t<div class=\"elementor-button-wrapper\">\n\t\t\t\t\t<a class=\"elementor-button elementor-button-link elementor-size-md\" href=\"mailto:electricadealhaurin@gmail.com?Subject=Solicitud%20comparativa%20de%20electricidad&#038;body=Remito%20adjunto%20mi%20factura%20de%20electricidad%20a%20la%20espera%20de%20comparativa.\" target=\"_blank\">\n\t\t\t\t\t\t<span class=\"elementor-button-content-wrapper\">\n\t\t\t\t\t\t<span class=\"elementor-button-icon\">\n\t\t\t\t<i aria-hidden=\"true\" class=\"fas fa-arrow-right\"><\/i>\t\t\t<\/span>\n\t\t\t\t\t\t\t\t\t<span class=\"elementor-button-text\">Solicitar comparativa<\/span>\n\t\t\t\t\t<\/span>\n\t\t\t\t\t<\/a>\n\t\t\t\t<\/div>\n\t\t\t\t\t\t<\/div>\n\t\t\t\t<\/div>\n\t\t\t\t\t<\/div>\n\t\t<\/div>\n\t\t\t\t\t<\/div>\n\t\t<\/section>\n\t\t\t\t<\/div>\n\t\t","protected":false},"excerpt":{"rendered":"<p>El\u00e9ctrica de Alhaur\u00edn La Comercializadora El\u00e9ctrica de Alhaur\u00edn Estructura m\u00ednima, mejores precios. Solicite su comparativa sin compromiso Tarifas muy ajustadas Compare su factura con nuestras tarifas \u00fanicas (la mejoramos en el 99% de los casos debido a nuestra m\u00ednima estructura). Solicitar comparativa<\/p>\n","protected":false},"author":1,"featured_media":0,"parent":0,"menu_order":0,"comment_status":"closed","ping_status":"closed","template":"","meta":{"footnotes":""},"class_list":["post-137","page","type-page","status-publish","hentry"],"yoast_head":"<!-- This site is optimized with the Yoast SEO plugin v23.9 - https:\/\/yoast.com\/wordpress\/plugins\/seo\/ -->\n<title>Comercializadora el\u00e9ctrica barata - El\u00e9ctrica de Alhaur\u00edn<\/title>\n<meta name=\"description\" content=\"Comercializadora el\u00e9ctrica de confianza en Alhaur\u00edn de la Torre. Estructura m\u00ednima, mejor precio garantizado.\" \/>\n<meta name=\"robots\" content=\"index, follow, max-snippet:-1, max-image-preview:large, max-video-preview:-1\" \/>\n<link rel=\"canonical\" href=\"https:\/\/electricadealhaurin.com\/\" \/>\n<meta property=\"og:locale\" content=\"es_ES\" \/>\n<meta property=\"og:type\" content=\"article\" \/>\n<meta property=\"og:title\" content=\"Comercializadora el\u00e9ctrica barata - El\u00e9ctrica de Alhaur\u00edn\" \/>\n<meta property=\"og:description\" content=\"Comercializadora el\u00e9ctrica de confianza en Alhaur\u00edn de la Torre. Estructura m\u00ednima, mejor precio garantizado.\" \/>\n<meta property=\"og:url\" content=\"https:\/\/electricadealhaurin.com\/\" \/>\n<meta property=\"og:site_name\" content=\"El\u00e9ctrica de Alhaur\u00edn\" \/>\n<meta property=\"article:modified_time\" content=\"2023-11-30T19:54:14+00:00\" \/>\n<meta property=\"og:image\" content=\"https:\/\/electricadealhaurin.com\/wp-content\/uploads\/2023\/03\/Alhaurin-de-la-Torre.jpg\" \/>\n<meta name=\"twitter:card\" content=\"summary_large_image\" \/>\n<meta name=\"twitter:label1\" content=\"Tiempo de lectura\" \/>\n\t<meta name=\"twitter:data1\" content=\"1 minuto\" \/>\n<script type=\"application\/ld+json\" class=\"yoast-schema-graph\">{\"@context\":\"https:\/\/schema.org\",\"@graph\":[{\"@type\":\"WebPage\",\"@id\":\"https:\/\/electricadealhaurin.com\/\",\"url\":\"https:\/\/electricadealhaurin.com\/\",\"name\":\"Comercializadora el\u00e9ctrica barata - El\u00e9ctrica de Alhaur\u00edn\",\"isPartOf\":{\"@id\":\"https:\/\/electricadealhaurin.com\/#website\"},\"primaryImageOfPage\":{\"@id\":\"https:\/\/electricadealhaurin.com\/#primaryimage\"},\"image\":{\"@id\":\"https:\/\/electricadealhaurin.com\/#primaryimage\"},\"thumbnailUrl\":\"https:\/\/electricadealhaurin.com\/wp-content\/uploads\/2023\/03\/Alhaurin-de-la-Torre.jpg\",\"datePublished\":\"2023-03-05T15:42:14+00:00\",\"dateModified\":\"2023-11-30T19:54:14+00:00\",\"description\":\"Comercializadora el\u00e9ctrica de confianza en Alhaur\u00edn de la Torre. Estructura m\u00ednima, mejor precio garantizado.\",\"breadcrumb\":{\"@id\":\"https:\/\/electricadealhaurin.com\/#breadcrumb\"},\"inLanguage\":\"es\",\"potentialAction\":[{\"@type\":\"ReadAction\",\"target\":[\"https:\/\/electricadealhaurin.com\/\"]}]},{\"@type\":\"ImageObject\",\"inLanguage\":\"es\",\"@id\":\"https:\/\/electricadealhaurin.com\/#primaryimage\",\"url\":\"https:\/\/electricadealhaurin.com\/wp-content\/uploads\/2023\/03\/Alhaurin-de-la-Torre.jpg\",\"contentUrl\":\"https:\/\/electricadealhaurin.com\/wp-content\/uploads\/2023\/03\/Alhaurin-de-la-Torre.jpg\",\"width\":500,\"height\":375},{\"@type\":\"BreadcrumbList\",\"@id\":\"https:\/\/electricadealhaurin.com\/#breadcrumb\",\"itemListElement\":[{\"@type\":\"ListItem\",\"position\":1,\"name\":\"Portada\",\"item\":\"https:\/\/electricadealhaurin.com\/\"},{\"@type\":\"ListItem\",\"position\":2,\"name\":\"Comercializadora el\u00e9ctrica barata\"}]},{\"@type\":\"WebSite\",\"@id\":\"https:\/\/electricadealhaurin.com\/#website\",\"url\":\"https:\/\/electricadealhaurin.com\/\",\"name\":\"El\u00e9ctrica de Alhaur\u00edn\",\"description\":\"Comercializadora el\u00e9ctrica barata\",\"publisher\":{\"@id\":\"https:\/\/electricadealhaurin.com\/#organization\"},\"potentialAction\":[{\"@type\":\"SearchAction\",\"target\":{\"@type\":\"EntryPoint\",\"urlTemplate\":\"https:\/\/electricadealhaurin.com\/?s={search_term_string}\"},\"query-input\":{\"@type\":\"PropertyValueSpecification\",\"valueRequired\":true,\"valueName\":\"search_term_string\"}}],\"inLanguage\":\"es\"},{\"@type\":\"Organization\",\"@id\":\"https:\/\/electricadealhaurin.com\/#organization\",\"name\":\"El\u00e9ctrica de Alhaur\u00edn\",\"url\":\"https:\/\/electricadealhaurin.com\/\",\"logo\":{\"@type\":\"ImageObject\",\"inLanguage\":\"es\",\"@id\":\"https:\/\/electricadealhaurin.com\/#\/schema\/logo\/image\/\",\"url\":\"https:\/\/electricadealhaurin.com\/wp-content\/uploads\/2023\/03\/cropped-ELECTRICA-DE-ALHAURIN-scaled-1.jpg\",\"contentUrl\":\"https:\/\/electricadealhaurin.com\/wp-content\/uploads\/2023\/03\/cropped-ELECTRICA-DE-ALHAURIN-scaled-1.jpg\",\"width\":2056,\"height\":1567,\"caption\":\"El\u00e9ctrica de Alhaur\u00edn\"},\"image\":{\"@id\":\"https:\/\/electricadealhaurin.com\/#\/schema\/logo\/image\/\"}}]}<\/script>\n<!-- \/ Yoast SEO plugin. -->","yoast_head_json":{"title":"Comercializadora el\u00e9ctrica barata - El\u00e9ctrica de Alhaur\u00edn","description":"Comercializadora el\u00e9ctrica de confianza en Alhaur\u00edn de la Torre. Estructura m\u00ednima, mejor precio garantizado.","robots":{"index":"index","follow":"follow","max-snippet":"max-snippet:-1","max-image-preview":"max-image-preview:large","max-video-preview":"max-video-preview:-1"},"canonical":"https:\/\/electricadealhaurin.com\/","og_locale":"es_ES","og_type":"article","og_title":"Comercializadora el\u00e9ctrica barata - El\u00e9ctrica de Alhaur\u00edn","og_description":"Comercializadora el\u00e9ctrica de confianza en Alhaur\u00edn de la Torre. Estructura m\u00ednima, mejor precio garantizado.","og_url":"https:\/\/electricadealhaurin.com\/","og_site_name":"El\u00e9ctrica de Alhaur\u00edn","article_modified_time":"2023-11-30T19:54:14+00:00","og_image":[{"url":"https:\/\/electricadealhaurin.com\/wp-content\/uploads\/2023\/03\/Alhaurin-de-la-Torre.jpg"}],"twitter_card":"summary_large_image","twitter_misc":{"Tiempo de lectura":"1 minuto"},"schema":{"@context":"https:\/\/schema.org","@graph":[{"@type":"WebPage","@id":"https:\/\/electricadealhaurin.com\/","url":"https:\/\/electricadealhaurin.com\/","name":"Comercializadora el\u00e9ctrica barata - El\u00e9ctrica de Alhaur\u00edn","isPartOf":{"@id":"https:\/\/electricadealhaurin.com\/#website"},"primaryImageOfPage":{"@id":"https:\/\/electricadealhaurin.com\/#primaryimage"},"image":{"@id":"https:\/\/electricadealhaurin.com\/#primaryimage"},"thumbnailUrl":"https:\/\/electricadealhaurin.com\/wp-content\/uploads\/2023\/03\/Alhaurin-de-la-Torre.jpg","datePublished":"2023-03-05T15:42:14+00:00","dateModified":"2023-11-30T19:54:14+00:00","description":"Comercializadora el\u00e9ctrica de confianza en Alhaur\u00edn de la Torre. Estructura m\u00ednima, mejor precio garantizado.","breadcrumb":{"@id":"https:\/\/electricadealhaurin.com\/#breadcrumb"},"inLanguage":"es","potentialAction":[{"@type":"ReadAction","target":["https:\/\/electricadealhaurin.com\/"]}]},{"@type":"ImageObject","inLanguage":"es","@id":"https:\/\/electricadealhaurin.com\/#primaryimage","url":"https:\/\/electricadealhaurin.com\/wp-content\/uploads\/2023\/03\/Alhaurin-de-la-Torre.jpg","contentUrl":"https:\/\/electricadealhaurin.com\/wp-content\/uploads\/2023\/03\/Alhaurin-de-la-Torre.jpg","width":500,"height":375},{"@type":"BreadcrumbList","@id":"https:\/\/electricadealhaurin.com\/#breadcrumb","itemListElement":[{"@type":"ListItem","position":1,"name":"Portada","item":"https:\/\/electricadealhaurin.com\/"},{"@type":"ListItem","position":2,"name":"Comercializadora el\u00e9ctrica barata"}]},{"@type":"WebSite","@id":"https:\/\/electricadealhaurin.com\/#website","url":"https:\/\/electricadealhaurin.com\/","name":"El\u00e9ctrica de Alhaur\u00edn","description":"Comercializadora el\u00e9ctrica barata","publisher":{"@id":"https:\/\/electricadealhaurin.com\/#organization"},"potentialAction":[{"@type":"SearchAction","target":{"@type":"EntryPoint","urlTemplate":"https:\/\/electricadealhaurin.com\/?s={search_term_string}"},"query-input":{"@type":"PropertyValueSpecification","valueRequired":true,"valueName":"search_term_string"}}],"inLanguage":"es"},{"@type":"Organization","@id":"https:\/\/electricadealhaurin.com\/#organization","name":"El\u00e9ctrica de Alhaur\u00edn","url":"https:\/\/electricadealhaurin.com\/","logo":{"@type":"ImageObject","inLanguage":"es","@id":"https:\/\/electricadealhaurin.com\/#\/schema\/logo\/image\/","url":"https:\/\/electricadealhaurin.com\/wp-content\/uploads\/2023\/03\/cropped-ELECTRICA-DE-ALHAURIN-scaled-1.jpg","contentUrl":"https:\/\/electricadealhaurin.com\/wp-content\/uploads\/2023\/03\/cropped-ELECTRICA-DE-ALHAURIN-scaled-1.jpg","width":2056,"height":1567,"caption":"El\u00e9ctrica de Alhaur\u00edn"},"image":{"@id":"https:\/\/electricadealhaurin.com\/#\/schema\/logo\/image\/"}}]}},"_links":{"self":[{"href":"https:\/\/electricadealhaurin.com\/index.php\/wp-json\/wp\/v2\/pages\/137","targetHints":{"allow":["GET"]}}],"collection":[{"href":"https:\/\/electricadealhaurin.com\/index.php\/wp-json\/wp\/v2\/pages"}],"about":[{"href":"https:\/\/electricadealhaurin.com\/index.php\/wp-json\/wp\/v2\/types\/page"}],"author":[{"embeddable":true,"href":"https:\/\/electricadealhaurin.com\/index.php\/wp-json\/wp\/v2\/users\/1"}],"replies":[{"embeddable":true,"href":"https:\/\/electricadealhaurin.com\/index.php\/wp-json\/wp\/v2\/comments?post=137"}],"version-history":[{"count":38,"href":"https:\/\/electricadealhaurin.com\/index.php\/wp-json\/wp\/v2\/pages\/137\/revisions"}],"predecessor-version":[{"id":300,"href":"https:\/\/electricadealhaurin.com\/index.php\/wp-json\/wp\/v2\/pages\/137\/revisions\/300"}],"wp:attachment":[{"href":"https:\/\/electricadealhaurin.com\/index.php\/wp-json\/wp\/v2\/media?parent=137"}],"curies":[{"name":"wp","href":"https:\/\/api.w.org\/{rel}","templated":true}]}}